{"id":8759,"date":"2023-12-02T04:01:43","date_gmt":"2023-12-02T04:01:43","guid":{"rendered":"https:\/\/montageapp.com.br\/sobre-nosotros\/"},"modified":"2023-12-03T16:59:03","modified_gmt":"2023-12-03T16:59:03","slug":"sobre-nosotros","status":"publish","type":"page","link":"https:\/\/montageapp.com.br\/es\/sobre-nosotros\/","title":{"rendered":"Sobre nosotros"},"content":{"rendered":"<div class=\"wpb-content-wrapper\"><p>[vc_row el_class=\u00bbhide-mob\u00bb _et_uniqid=\u00bbet_custom_uniqid_new_6102ed85a0be4&#8243;][vc_column][vc_empty_space height=\u00bb100px\u00bb][\/vc_column][\/vc_row][vc_row full_width=\u00bbstretch_row\u00bb equal_height=\u00bbyes\u00bb content_placement=\u00bbmiddle\u00bb _et_uniqid=\u00bbet_custom_uniqid_new_6101772a6f0c2&#8243; el_class=\u00bbcrop_back\u00bb css_xs=\u00bb.vc_custom_1627486015680{padding-top: 10% !important;padding-bottom: 10% !important;}\u00bb css_sm=\u00bb.vc_custom_1627486015680{padding-top: 10% !important;padding-bottom: 10% !important;}\u00bb][vc_column width=\u00bb7\/12&#8243;][vc_empty_space height=\u00bb25%\u00bb][vc_column_text css=\u00bb.vc_custom_1627486577771{margin-bottom: 0px !important;padding-bottom: 0px !important;}\u00bb]<\/p>\n<h2 class=\"font_2\">Sobre nosotros<\/h2>\n<p>[\/vc_column_text][vc_column_text]<\/p>\n<p class=\"hero_bottom_font\">Misi\u00f3n: Capacitar a los propietarios de viviendas en R\u00edo de Janeiro para que mantengan y mejoren sus viviendas de forma segura y sencilla.<\/p>\n<p>[\/vc_column_text][\/vc_column][vc_column width=\u00bb5\/12&#8243; offset=\u00bbvc_hidden-xs\u00bb _et_uniqid=\u00bbet_custom_uniqid_new_61000d449d332&#8243;][vc_single_image image=\u00bb8618&#8243; img_size=\u00bbFull\u00bb css=\u00bb.vc_custom_1626669149992{margin-bottom: 0px !important;padding-bottom: 0px !important;}\u00bb][\/vc_column][\/vc_row][vc_row content_placement=\u00bbmiddle\u00bb _et_uniqid=\u00bbet_custom_uniqid_new_610516e1e18ef\u00bb css=\u00bb.vc_custom_1627723495596{margin-top: 50px !important;}\u00bb el_class=\u00bbmySlides coming\u00bb][vc_column width=\u00bb1\/3&#8243; _et_uniqid=\u00bbet_custom_uniqid_new_6103fb66c3bd9&#8243; css=\u00bb.vc_custom_1627650931854{padding-top: 5% !important;padding-right: 5% !important;padding-bottom: 5% !important;padding-left: 5% !important;}\u00bb el_class=\u00bbcol-pad-down\u00bb][vc_column_text css=\u00bb.vc_custom_1627650914045{margin-bottom: 0px !important;border-right-width: 1px !important;padding-top: 15px !important;padding-right: 15px !important;padding-bottom: 15px !important;padding-left: 15px !important;border-right-color: #888888 !important;border-right-style: solid !important;}\u00bb el_class=\u00bbline-textbox\u00bb]<\/p>\n<h2 class=\"font_4\">Nuestra historia<\/h2>\n<p>[\/vc_column_text][\/vc_column][vc_column width=\u00bb2\/3&#8243; css=\u00bb.vc_custom_1626598591400{padding-top: 5% !important;padding-right: 5% !important;padding-bottom: 5% !important;padding-left: 5% !important;}\u00bb _et_uniqid=\u00bbet_custom_uniqid_new_60f3ecac1d258&#8243;][vc_column_text css=\u00bb.vc_custom_1628686796003{margin-bottom: 0px !important;}\u00bb]La idea original de Montage surgi\u00f3 de Christopher en 2020, cuando not\u00f3 que hab\u00eda una fuga de gas en el calentador de la ducha de su apartamento en R\u00edo de Janeiro. Sab\u00eda que este problema podr\u00eda ser peligroso para \u00e9l y su novia, sin embargo, no pudo encontrar un t\u00e9cnico disponible para brindar el servicio de manera oportuna y a un precio asequible. D\u00e1ndose cuenta as\u00ed de la falta de practicidad en la contrataci\u00f3n de profesionales competentes y especializados en R\u00edo de Janeiro.[\/vc_column_text][\/vc_column][\/vc_row][vc_row equal_height=\u00bbyes\u00bb content_placement=\u00bbmiddle\u00bb _et_uniqid=\u00bbet_custom_uniqid_new_61051905863b1&#8243; css=\u00bb.vc_custom_1627724046493{margin-top: 50px !important;}\u00bb el_class=\u00bbmySlides\u00bb][vc_column width=\u00bb1\/3&#8243; _et_uniqid=\u00bbet_custom_uniqid_new_6103fb66c3bd9&#8243; css=\u00bb.vc_custom_1627650931854{padding-top: 5% !important;padding-right: 5% !important;padding-bottom: 5% !important;padding-left: 5% !important;}\u00bb el_class=\u00bbcol-pad-down\u00bb][vc_column_text css=\u00bb.vc_custom_1627650914045{margin-bottom: 0px !important;border-right-width: 1px !important;padding-top: 15px !important;padding-right: 15px !important;padding-bottom: 15px !important;padding-left: 15px !important;border-right-color: #888888 !important;border-right-style: solid !important;}\u00bb el_class=\u00bbline-textbox\u00bb]<\/p>\n<h2 class=\"font_4\">Nuestra historia<\/h2>\n<p>[\/vc_column_text][\/vc_column][vc_column width=\u00bb2\/3&#8243; css=\u00bb.vc_custom_1626598591400{padding-top: 5% !important;padding-right: 5% !important;padding-bottom: 5% !important;padding-left: 5% !important;}\u00bb _et_uniqid=\u00bbet_custom_uniqid_new_60f3ecac1d258&#8243;][vc_column_text css=\u00bb.vc_custom_1628686803770{margin-bottom: 0px !important;}\u00bb]A partir de ah\u00ed, construy\u00f3 una plataforma, b\u00e1sicamente un \u201cUber de servicios\u201d, que ayuda a los residentes de R\u00edo que necesitan ayuda para mantener sus hogares. El segundo objetivo era ayudar a reintegrar al mercado laboral a los profesionales cariocas despedidos a causa del Covid-19, para que puedan mantenerse a s\u00ed mismos y a sus familias. Por ello, Montage est\u00e1 revolucionando el proceso de contrataci\u00f3n de servicios, aportando conectividad digital entre clientes y profesionales.[\/vc_column_text][\/vc_column][\/vc_row][vc_row _et_uniqid=\u00bbet_custom_uniqid_new_610511cc52d8a\u00bb][vc_column][vc_raw_html]PGRpdiBpZD0iYnV0dG9ucyIgY2xhc3M9Im15U2xpZGVzX2J1dHRvbnMiPjxidXR0b24gY2xhc3M9ImJ1dHRvbl9jbG91ZDkgbGVmdCI+DQrihpANCjwvYnV0dG9uPg0KPGJ1dHRvbiBjbGFzcz0iYnV0dG9uX2Nsb3VkOSByaWdodCI+DQrihpINCjwvYnV0dG9uPjwvZGl2Pg0KPHNjcmlwdD4NCnZhciBzbGlkZUluZGV4ID0gMTsNCmpRdWVyeShkb2N1bWVudCkucmVhZHkoZnVuY3Rpb24oKSB7DQogICBzaG93U2xpZGVzKHNsaWRlSW5kZXgpOw0KfSk7DQpmdW5jdGlvbiBwbHVzU2xpZGVzKG4pIHsNCiAgc2hvd1NsaWRlcyhzbGlkZUluZGV4ICs9IG4pOw0KfQ0KDQpmdW5jdGlvbiBjdXJyZW50U2xpZGUobikgew0KICBzaG93U2xpZGVzKHNsaWRlSW5kZXggPSBuKTsNCn0NCg0KZnVuY3Rpb24gc2hvd1NsaWRlcyhuKSB7DQogIHZhciBpOw0KICB2YXIgc2xpZGVzID0gZG9jdW1lbnQuZ2V0RWxlbWVudHNCeUNsYXNzTmFtZSgibXlTbGlkZXMiKTsNCiAgaWYgKG4gPiBzbGlkZXMubGVuZ3RoKSB7c2xpZGVJbmRleCA9IDF9ICAgIA0KICBpZiAobiA8IDEpIHtzbGlkZUluZGV4ID0gc2xpZGVzLmxlbmd0aH0NCiAgZm9yIChpID0gMDsgaSA8IHNsaWRlcy5sZW5ndGg7IGkrKykgew0KICAgICAgc2xpZGVzW2ldLnN0eWxlLmRpc3BsYXkgPSAibm9uZSI7ICANCiAgfQ0KICBzbGlkZXNbc2xpZGVJbmRleC0xXS5zdHlsZS5kaXNwbGF5ID0gImZsZXgiOw0KfQ0KPC9zY3JpcHQ+[\/vc_raw_html][\/vc_column][\/vc_row][vc_row][vc_column][vc_single_image image=\u00bb8779&#8243; img_size=\u00bbfull\u00bb alignment=\u00bbright\u00bb el_class=\u00bbdot-img\u00bb css=\u00bb.vc_custom_1628770276712{margin-top: -20% !important;margin-right: -10% !important;}\u00bb][\/vc_column][\/vc_row][vc_row full_width=\u00bbstretch_row\u00bb _et_uniqid=\u00bbet_custom_uniqid_new_6102de564e99c\u00bb][vc_column][vc_empty_space height=\u00bb50px\u00bb][vc_column_text css=\u00bb.vc_custom_1627650683683{margin-bottom: 0px !important;padding-top: 15px !important;padding-right: 15px !important;padding-bottom: 15px !important;padding-left: 15px !important;}\u00bb]<\/p>\n<h2 class=\"font_4\" style=\"text-align: center;\">El equipo<\/h2>\n<p>[\/vc_column_text][vc_empty_space height=\u00bb20px\u00bb][\/vc_column][\/vc_row][vc_row full_width=\u00bbstretch_row\u00bb equal_height=\u00bbyes\u00bb content_placement=\u00bbmiddle\u00bb _et_uniqid=\u00bbet_custom_uniqid_new_6102de5fc51ef\u00bb css=\u00bb.vc_custom_1627577956032{margin-bottom: 0px !important;padding-top: 50px !important;padding-bottom: 0px !important;background-color: #edfafe !important;}\u00bb][vc_column width=\u00bb1\/3&#8243;][vc_column_text]<\/p>\n<h1 class=\"sec_title\">Corporativo<\/h1>\n<p>[\/vc_column_text][\/vc_column][vc_column width=\u00bb2\/3&#8243;][vc_column_text]<\/p>\n<p style=\"text-align: left; font-size: 14px;\">Somos un equipo de operadores, ingenieros y dise\u00f1adores apasionados por la idea de acabar con la dificultad de encontrar profesionales calificados en R\u00edo de Janeiro. Creemos que deber\u00eda ser m\u00e1s f\u00e1cil encontrar profesionales locales especializados en las tareas que necesitamos realizar en nuestros hogares, sin tener que perder tiempo buscando en diferentes lugares y llamando a innumerables opciones en busca de un profesional de calidad. Creamos esta plataforma para hacer este proceso m\u00e1s simple, din\u00e1mico y moderno.<\/p>\n<p>[\/vc_column_text][\/vc_column][\/vc_row][vc_row full_width=\u00bbstretch_row\u00bb gap=\u00bb35&#8243; equal_height=\u00bbyes\u00bb _et_uniqid=\u00bbet_custom_uniqid_new_611410f18740a\u00bb css=\u00bb.vc_custom_1628705014840{margin-top: 0px !important;padding-top: 20px !important;padding-bottom: 50px !important;background-color: #edfafe !important;}\u00bb][vc_column width=\u00bb1\/2&#8243; css=\u00bb.vc_custom_1627749199510{border-top-width: 1px !important;border-right-width: 1px !important;border-bottom-width: 1px !important;border-left-width: 1px !important;padding-top: 10% !important;padding-right: 10% !important;padding-bottom: 10% !important;padding-left: 10% !important;border-left-color: #47b9e1 !important;border-left-style: solid !important;border-right-color: #47b9e1 !important;border-right-style: solid !important;border-top-color: #47b9e1 !important;border-top-style: solid !important;border-bottom-color: #47b9e1 !important;border-bottom-style: solid !important;}\u00bb _et_uniqid=\u00bbet_custom_uniqid_new_61057b4893e4c\u00bb offset=\u00bbvc_col-lg-3 vc_col-md-3&#8243; el_class=\u00bbteam-box\u00bb][vc_single_image image=\u00bb8778&#8243; img_size=\u00bbfull\u00bb alignment=\u00bbcenter\u00bb][vc_column_text css=\u00bb.vc_custom_1628837117361{margin-top: 0px !important;margin-bottom: 0px !important;padding-top: 0px !important;padding-bottom: 0px !important;}\u00bb]<\/p>\n<h4 style=\"text-align: center;\">Crist\u00f3bal Benavides<\/h4>\n<p style=\"text-align: center;\">CEO y Fundador<\/p>\n<p>[\/vc_column_text][\/vc_column][vc_column width=\u00bb1\/2&#8243; css=\u00bb.vc_custom_1627749207529{border-top-width: 1px !important;border-right-width: 1px !important;border-bottom-width: 1px !important;border-left-width: 1px !important;padding-top: 10% !important;padding-right: 10% !important;padding-bottom: 10% !important;padding-left: 10% !important;border-left-color: #47b9e1 !important;border-left-style: solid !important;border-right-color: #47b9e1 !important;border-right-style: solid !important;border-top-color: #47b9e1 !important;border-top-style: solid !important;border-bottom-color: #47b9e1 !important;border-bottom-style: solid !important;}\u00bb _et_uniqid=\u00bbet_custom_uniqid_new_61057b54374d8&#8243; offset=\u00bbvc_col-lg-3 vc_col-md-3&#8243; el_class=\u00bbteam-box\u00bb][vc_single_image image=\u00bb8777&#8243; img_size=\u00bbfull\u00bb alignment=\u00bbcenter\u00bb][vc_column_text css=\u00bb.vc_custom_1628686874714{margin-top: 0px !important;margin-bottom: 0px !important;padding-top: 0px !important;padding-bottom: 0px !important;}\u00bb]<\/p>\n<h4 style=\"text-align: center;\">Renata Pestana<\/h4>\n<p style=\"text-align: center;\">Gesti\u00f3n de Proyectos e Ingenier\u00eda de Operaciones<\/p>\n<p>[\/vc_column_text][\/vc_column][vc_column width=\u00bb1\/2&#8243; css=\u00bb.vc_custom_1627749215559{border-top-width: 1px !important;border-right-width: 1px !important;border-bottom-width: 1px !important;border-left-width: 1px !important;padding-top: 10% !important;padding-right: 10% !important;padding-bottom: 10% !important;padding-left: 10% !important;border-left-color: #47b9e1 !important;border-left-style: solid !important;border-right-color: #47b9e1 !important;border-right-style: solid !important;border-top-color: #47b9e1 !important;border-top-style: solid !important;border-bottom-color: #47b9e1 !important;border-bottom-style: solid !important;}\u00bb _et_uniqid=\u00bbet_custom_uniqid_new_61057b5d1705c\u00bb offset=\u00bbvc_col-lg-3 vc_col-md-3&#8243; el_class=\u00bbteam-box\u00bb][vc_single_image image=\u00bb8773&#8243; img_size=\u00bbfull\u00bb alignment=\u00bbcenter\u00bb][vc_column_text css=\u00bb.vc_custom_1628686911746{margin-top: 0px !important;margin-bottom: 0px !important;padding-top: 0px !important;padding-bottom: 0px !important;}\u00bb]<\/p>\n<h4 style=\"text-align: center;\">Italo Padovani<\/h4>\n<p style=\"text-align: center;\">Gesti\u00f3n de Proyectos y Dise\u00f1ador (Contrato)<\/p>\n<p>[\/vc_column_text][\/vc_column][vc_column width=\u00bb1\/2&#8243; css=\u00bb.vc_custom_1627749222476{border-top-width: 1px !important;border-right-width: 1px !important;border-bottom-width: 1px !important;border-left-width: 1px !important;padding-top: 10% !important;padding-right: 10% !important;padding-bottom: 10% !important;padding-left: 10% !important;border-left-color: #47b9e1 !important;border-left-style: solid !important;border-right-color: #47b9e1 !important;border-right-style: solid !important;border-top-color: #47b9e1 !important;border-top-style: solid !important;border-bottom-color: #47b9e1 !important;border-bottom-style: solid !important;}\u00bb _et_uniqid=\u00bbet_custom_uniqid_new_61057b63e7797&#8243; offset=\u00bbvc_col-lg-3 vc_col-md-3&#8243; el_class=\u00bbteam-box\u00bb][vc_single_image image=\u00bb8772&#8243; img_size=\u00bbfull\u00bb alignment=\u00bbcenter\u00bb][vc_column_text css=\u00bb.vc_custom_1628686942187{margin-top: 0px !important;margin-bottom: 0px !important;padding-top: 0px !important;padding-bottom: 0px !important;}\u00bb]<\/p>\n<h4 style=\"text-align: center;\">Mar\u00eda Santos<\/h4>\n<p style=\"text-align: center;\">Coordinador de Alianzas (Contrato)<\/p>\n<p>[\/vc_column_text][\/vc_column][\/vc_row][vc_row equal_height=\u00bbyes\u00bb content_placement=\u00bbmiddle\u00bb _et_uniqid=\u00bbet_custom_uniqid_new_610182cb915ef\u00bb][vc_column width=\u00bb1\/2&#8243;][vc_empty_space height=\u00bb50px\u00bb][vc_column_text]<\/p>\n<h1 class=\"sec_title\">Consejo Asesor<\/h1>\n<p>[\/vc_column_text][\/vc_column][vc_column width=\u00bb1\/2&#8243;][\/vc_column][\/vc_row][vc_row][vc_column][vc_single_image image=\u00bb8780&#8243; img_size=\u00bbfull\u00bb el_class=\u00bbdot-img\u00bb css=\u00bb.vc_custom_1628770157163{margin-top: -10% !important;margin-left: -15% !important;}\u00bb][\/vc_column][\/vc_row][vc_row gap=\u00bb1&#8243; equal_height=\u00bbyes\u00bb _et_uniqid=\u00bbet_custom_uniqid_new_611410fad461f\u00bb css=\u00bb.vc_custom_1628705023349{border-top-width: 1px !important;border-right-width: 1px !important;border-bottom-width: 1px !important;border-left-width: 1px !important;padding-top: 2.5% !important;padding-right: 2.5% !important;padding-bottom: 2.5% !important;padding-left: 2.5% !important;border-left-color: #47b9e1 !important;border-left-style: solid !important;border-right-color: #47b9e1 !important;border-right-style: solid !important;border-top-color: #47b9e1 !important;border-top-style: solid !important;border-bottom-color: #47b9e1 !important;border-bottom-style: solid !important;}\u00bb el_class=\u00bbmin_pad\u00bb][vc_column width=\u00bb1\/2&#8243; css=\u00bb.vc_custom_1627651872364{padding-top: 10% !important;padding-right: 10% !important;padding-bottom: 10% !important;padding-left: 10% !important;}\u00bb _et_uniqid=\u00bbet_custom_uniqid_new_6103ff0e362c6&#8243; el_class=\u00bbad-box ad-mem-1&#8243; offset=\u00bbvc_col-lg-3 vc_col-md-3&#8243;][vc_single_image image=\u00bb8778&#8243; img_size=\u00bbfull\u00bb alignment=\u00bbcenter\u00bb][vc_column_text css=\u00bb.vc_custom_1628753952364{margin-top: 0px !important;margin-bottom: 0px !important;padding-top: 0px !important;padding-bottom: 0px !important;}\u00bb]<\/p>\n<h4 style=\"text-align: center;\">Crist\u00f3bal Benavides<\/h4>\n<p style=\"text-align: center;\">CEO, fundador, montaje<br \/>\nFundador, Estudio de tiempo y movimiento<\/p>\n<p>[\/vc_column_text][\/vc_column][vc_column width=\u00bb1\/2&#8243; css=\u00bb.vc_custom_1627651883497{border-top-width: 2px !important;border-right-width: 2px !important;border-bottom-width: 2px !important;border-left-width: 2px !important;padding-top: 10% !important;padding-right: 10% !important;padding-bottom: 10% !important;padding-left: 10% !important;border-left-color: #47b9e1 !important;border-left-style: none !important;border-right-color: #47b9e1 !important;border-right-style: none !important;border-top-color: #47b9e1 !important;border-top-style: none !important;border-bottom-color: #47b9e1 !important;border-bottom-style: none !important;}\u00bb _et_uniqid=\u00bbet_custom_uniqid_new_6103ff242e8ab\u00bb el_class=\u00bbad-box ad-mem-2&#8243; offset=\u00bbvc_col-lg-3 vc_col-md-3&#8243;][vc_single_image image=\u00bb8777&#8243; img_size=\u00bbfull\u00bb alignment=\u00bbcenter\u00bb][vc_column_text css=\u00bb.vc_custom_1628753972273{margin-top: 0px !important;margin-bottom: 0px !important;padding-top: 0px !important;padding-bottom: 0px !important;}\u00bb]<\/p>\n<h4 style=\"text-align: center;\">Renata Pestana<\/h4>\n<p style=\"text-align: center;\">CEO, Fundador, Pestana Reforma<\/p>\n<p>[\/vc_column_text][\/vc_column][vc_column width=\u00bb1\/2&#8243; css=\u00bb.vc_custom_1627651894132{border-top-width: 2px !important;border-right-width: 2px !important;border-bottom-width: 2px !important;border-left-width: 2px !important;padding-top: 10% !important;padding-right: 10% !important;padding-bottom: 10% !important;padding-left: 10% !important;border-left-color: #47b9e1 !important;border-left-style: none !important;border-right-color: #47b9e1 !important;border-right-style: none !important;border-top-color: #47b9e1 !important;border-top-style: none !important;border-bottom-color: #47b9e1 !important;border-bottom-style: none !important;}\u00bb _et_uniqid=\u00bbet_custom_uniqid_new_6103ff2f6946d\u00bb el_class=\u00bbad-box ad-mem-3&#8243; offset=\u00bbvc_col-lg-3 vc_col-md-3&#8243;][vc_single_image image=\u00bb8776&#8243; img_size=\u00bbfull\u00bb alignment=\u00bbcenter\u00bb][vc_column_text css=\u00bb.vc_custom_1628753991353{margin-top: 0px !important;margin-bottom: 0px !important;padding-top: 0px !important;padding-bottom: 0px !important;}\u00bb]<\/p>\n<h4 style=\"text-align: center;\">Fred Pollastri<\/h4>\n<p style=\"text-align: center;\">Director de Operaciones (COO), Orlando City SC<\/p>\n<p>[\/vc_column_text][\/vc_column][vc_column width=\u00bb1\/2&#8243; css=\u00bb.vc_custom_1627651906599{border-top-width: 2px !important;border-right-width: 2px !important;border-bottom-width: 2px !important;border-left-width: 2px !important;padding-top: 10% !important;padding-right: 10% !important;padding-bottom: 10% !important;padding-left: 10% !important;border-left-color: #47b9e1 !important;border-left-style: none !important;border-right-color: #47b9e1 !important;border-right-style: none !important;border-top-color: #47b9e1 !important;border-top-style: none !important;border-bottom-color: #47b9e1 !important;border-bottom-style: none !important;}\u00bb _et_uniqid=\u00bbet_custom_uniqid_new_6103ff3a43578&#8243; el_class=\u00bbad-box-last ad-mem-4&#8243; offset=\u00bbvc_col-lg-3 vc_col-md-3&#8243;][vc_single_image image=\u00bb8775&#8243; img_size=\u00bbfull\u00bb alignment=\u00bbcenter\u00bb][vc_column_text css=\u00bb.vc_custom_1628754029589{margin-top: 0px !important;margin-bottom: 0px !important;padding-top: 0px !important;padding-bottom: 0px !important;}\u00bb]<\/p>\n<h4 style=\"text-align: center;\">Rafael zander<\/h4>\n<p style=\"text-align: center;\">Arquitecto en R\u00edo de Janeiro<\/p>\n<p>[\/vc_column_text][\/vc_column][vc_column width=\u00bb1\/2&#8243; offset=\u00bbvc_col-lg-3 vc_col-md-3&#8243; _et_uniqid=\u00bbet_custom_uniqid_new_6114cf682e1be\u00bb el_class=\u00bbad-box ad-box-bottom ad-mem-5&#8243;][vc_single_image image=\u00bb8774&#8243; img_size=\u00bbfull\u00bb alignment=\u00bbcenter\u00bb][vc_column_text css=\u00bb.vc_custom_1628754057681{margin-top: 0px !important;margin-bottom: 0px !important;padding-top: 0px !important;padding-bottom: 0px !important;}\u00bb]<\/p>\n<h4 style=\"text-align: center;\">Decio Lopes da Silva<\/h4>\n<p style=\"text-align: center;\">Productor ejecutivo, Mar\u00eda TV Films<\/p>\n<p>[\/vc_column_text][\/vc_column][\/vc_row][vc_row full_width=\u00bbstretch_row\u00bb equal_height=\u00bbyes\u00bb content_placement=\u00bbmiddle\u00bb _et_uniqid=\u00bbet_custom_uniqid_new_6102e81d30d91&#8243; css=\u00bb.vc_custom_1627580448536{margin-top: 75px !important;margin-bottom: 0px !important;padding-top: 0px !important;padding-bottom: 0px !important;background-color: #fafafa !important;}\u00bb][vc_column][vc_empty_space height=\u00bb50px\u00bb][vc_column_text css=\u00bb.vc_custom_1627650669935{margin-top: 0px !important;padding-top: 0px !important;}\u00bb]<\/p>\n<h1 class=\"sec_title\" style=\"text-align: center;\">Nuestros compa\u00f1eros<\/h1>\n<p>[\/vc_column_text][\/vc_column][\/vc_row][vc_row full_width=\u00bbstretch_row\u00bb gap=\u00bb15&#8243; css=\u00bb.vc_custom_1627581103679{margin-bottom: 0px !important;padding-top: 0px !important;padding-bottom: 0px !important;background-color: #fafafa !important;}\u00bb _et_uniqid=\u00bbet_custom_uniqid_new_6102eaac10b34&#8243;][vc_column width=\u00bb1\/2&#8243; offset=\u00bbvc_col-lg-3 vc_col-md-3&#8243; _et_uniqid=\u00bbet_custom_uniqid_new_6103fe88ec436&#8243; el_class=\u00bbbadge-img\u00bb][vc_single_image image=\u00bb8781&#8243; img_size=\u00bbfull\u00bb alignment=\u00bbcenter\u00bb][\/vc_column][vc_column width=\u00bb1\/2&#8243; offset=\u00bbvc_col-lg-3 vc_col-md-3&#8243; _et_uniqid=\u00bbet_custom_uniqid_new_6103febacae2a\u00bb el_class=\u00bbbadge-img\u00bb][vc_single_image image=\u00bb8782&#8243; img_size=\u00bbfull\u00bb alignment=\u00bbcenter\u00bb][\/vc_column][vc_column width=\u00bb1\/2&#8243; offset=\u00bbvc_col-lg-3 vc_col-md-3&#8243; _et_uniqid=\u00bbet_custom_uniqid_new_6103fec31e9dd\u00bb el_class=\u00bbbadge-img\u00bb][vc_single_image image=\u00bb8783&#8243; img_size=\u00bbfull\u00bb alignment=\u00bbcenter\u00bb][\/vc_column][vc_column width=\u00bb1\/2&#8243; offset=\u00bbvc_col-lg-3 vc_col-md-3&#8243; _et_uniqid=\u00bbet_custom_uniqid_new_6103fecd3617e\u00bb el_class=\u00bbbadge-img\u00bb][vc_single_image image=\u00bb8784&#8243; img_size=\u00bbfull\u00bb alignment=\u00bbcenter\u00bb][\/vc_column][\/vc_row][vc_row full_width=\u00bbstretch_row\u00bb css=\u00bb.vc_custom_1627580392234{margin-top: 0px !important;margin-bottom: 0px !important;padding-top: 0px !important;padding-bottom: 50px !important;background-color: #fafafa !important;}\u00bb _et_uniqid=\u00bbet_custom_uniqid_new_6102e7e348eb8&#8243;][vc_column css=\u00bb.vc_custom_1627581013606{padding-top: 0px !important;}\u00bb _et_uniqid=\u00bbet_custom_uniqid_new_6102ea5020374&#8243;][vc_separator color=\u00bbcustom\u00bb accent_color=\u00bb#dfdfdf\u00bb][vc_column_text]\u00bfInteresado en ser socio? Env\u00ede un correo electr\u00f3nico a <a class=\"color\" href=\"mailto:montageapplication@gmail.com\">montageapplication@gmail.com<\/a>[\/vc_column_text][\/vc_column][\/vc_row][vc_row disable_element=\u00bbyes\u00bb _et_uniqid=\u00bbet_custom_uniqid_new_6569a4b1d7f60&#8243;][vc_column][vc_single_image image=\u00bb8720&#8243; img_size=\u00bbfull\u00bb el_class=\u00bbdot-img\u00bb css=\u00bb.vc_custom_1628770208993{margin-top: -25% !important;margin-left: -10% !important;}\u00bb][\/vc_column][\/vc_row]<\/p>\n<\/div>","protected":false},"excerpt":{"rendered":"<p>[vc_row el_class=\u00bbhide-mob\u00bb _et_uniqid=\u00bbet_custom_uniqid_new_6102ed85a0be4&#8243;][vc_column][vc_empty_space height=\u00bb100px\u00bb][\/vc_column][\/vc_row][vc_row full_width=\u00bbstretch_row\u00bb equal_height=\u00bbyes\u00bb content_placement=\u00bbmiddle\u00bb _et_uniqid=\u00bbet_custom_uniqid_new_6101772a6f0c2&#8243; el_class=\u00bbcrop_back\u00bb css_xs=\u00bb.vc_custom_1627486015680{padding-top: 10% !important;padding-bottom: 10% !important;}\u00bb css_sm=\u00bb.vc_custom_1627486015680{padding-top: 10% !important;padding-bottom: 10% !important;}\u00bb][vc_column width=\u00bb7\/12&#8243;][vc_empty_space height=\u00bb25%\u00bb][vc_column_text css=\u00bb.vc_custom_1627486577771{margin-bottom: 0px !important;padding-bottom: 0px !important;}\u00bb] Sobre nosotros [\/vc_column_text][vc_column_text] Misi\u00f3n: Capacitar a los propietarios de viviendas en R\u00edo de Janeiro para que mantengan y mejoren&#8230;<\/p>\n","protected":false},"author":1,"featured_media":0,"parent":0,"menu_order":0,"comment_status":"closed","ping_status":"closed","template":"","meta":{"footnotes":""},"class_list":["post-8759","page","type-page","status-publish","hentry"],"_links":{"self":[{"href":"https:\/\/montageapp.com.br\/es\/wp-json\/wp\/v2\/pages\/8759","targetHints":{"allow":["GET"]}}],"collection":[{"href":"https:\/\/montageapp.com.br\/es\/wp-json\/wp\/v2\/pages"}],"about":[{"href":"https:\/\/montageapp.com.br\/es\/wp-json\/wp\/v2\/types\/page"}],"author":[{"embeddable":true,"href":"https:\/\/montageapp.com.br\/es\/wp-json\/wp\/v2\/users\/1"}],"replies":[{"embeddable":true,"href":"https:\/\/montageapp.com.br\/es\/wp-json\/wp\/v2\/comments?post=8759"}],"version-history":[{"count":5,"href":"https:\/\/montageapp.com.br\/es\/wp-json\/wp\/v2\/pages\/8759\/revisions"}],"predecessor-version":[{"id":8821,"href":"https:\/\/montageapp.com.br\/es\/wp-json\/wp\/v2\/pages\/8759\/revisions\/8821"}],"wp:attachment":[{"href":"https:\/\/montageapp.com.br\/es\/wp-json\/wp\/v2\/media?parent=8759"}],"curies":[{"name":"wp","href":"https:\/\/api.w.org\/{rel}","templated":true}]}}