{"id":8749,"date":"2023-12-01T08:46:38","date_gmt":"2023-12-01T08:46:38","guid":{"rendered":"https:\/\/montageapp.com.br\/termos-de-uso\/"},"modified":"2023-12-02T07:34:27","modified_gmt":"2023-12-02T07:34:27","slug":"termos-de-uso","status":"publish","type":"page","link":"https:\/\/montageapp.com.br\/es\/termos-de-uso\/","title":{"rendered":"Terminos de uso"},"content":{"rendered":"<div class=\"wpb-content-wrapper\"><p>[vc_row][vc_column][vc_empty_space height=\u00bb100px\u00bb el_class=\u00bbhide-mob\u00bb][vc_empty_space height=\u00bb50px\u00bb][\/vc_column][\/vc_row][vc_row css=\u00bb.vc_custom_1627556051522{background-color: #edfafe !important;border-radius: 35px !important;}\u00bb _et_uniqid=\u00bbet_custom_uniqid_new_610288bc10fad\u00bb][vc_column css=\u00bb.vc_custom_1627557130169{margin-bottom: 30px !important;}\u00bb _et_uniqid=\u00bbet_custom_uniqid_new_61028d012a27f\u00bb][vc_column_text]<\/p>\n<h1 class=\"sec_title\" style=\"text-align: center;\">Terminos de uso<\/h1>\n<p>[\/vc_column_text][vc_row_inner el_class=\u00bbscroll-block\u00bb _et_uniqid=\u00bbet_custom_uniqid_new_61028974a92fe\u00bb][vc_column_inner][vc_column_text]MONTAGE (\u201cMontage\u201d, \u201cMontage Pro\u201d, \u201cMontage App\u201d), una sociedad de responsabilidad limitada, es una persona jur\u00eddica de derecho privado que presta servicios de publicidad en l\u00ednea, realizados entre Clientes prometedores (\u201cCliente\u201d) y Profesionales prometedores (\u201c Profesionales\u201d).\u201d), a trav\u00e9s de la aplicaci\u00f3n Montage y el sitio web (\u201cPlataforma\u201d).<\/p>\n<p>Antes de utilizar la Plataforma, t\u00f3mate el tiempo para leer nuestros T\u00e9rminos de uso y conocer las reglas que gu\u00edan nuestra relaci\u00f3n. Al registrarse y utilizar MONTAGE, estos T\u00e9rminos constituyen nuestro acuerdo con usted. Despu\u00e9s de leer, si todav\u00eda tienes alguna pregunta sobre alg\u00fan punto descrito o no cubierto en este documento, o si quieres hacer sugerencias o reportar problemas, por favor cont\u00e1ctanos por correo electr\u00f3nico <a href=\"mailto:meajuda@triider .com\"> Correo electr\u00f3nico: Montageapplication@gmail.com<\/a>.<\/p>\n<ol>\n<li><strong><b>CONCEPTOS B\u00c1SICOS:<\/b><\/strong><\/li>\n<\/ol>\n<p>A continuaci\u00f3n presentamos algunos conceptos \u00fatiles para facilitar la comprensi\u00f3n de estos T\u00e9rminos de Uso:<\/p>\n<p>MONTAJE<\/p>\n<p>PLATAFORMA: Sistema consistente en una aplicaci\u00f3n m\u00f3vil (iOS y Android), ofrecida por MONTAGE, que permite a los USUARIOS publicitar, visualizar, poner a disposici\u00f3n y contratar los servicios ofrecidos a trav\u00e9s de la PLATAFORMA.<\/p>\n<p>CONTRACARGO: Procedimiento en el que un comprador disputa una transacci\u00f3n de pago con el banco emisor de la tarjeta.<\/p>\n<p>USUARIOS: Clientes y Profesionales registrados en la PLATAFORMA.<\/p>\n<p>CLIENTE: Persona f\u00edsica o jur\u00eddica registrada en la PLATAFORMA, que accede y\/o utiliza los servicios ofrecidos por los PROFESIONALES en la PLATAFORMA.<\/p>\n<p>PROFESIONAL: Persona f\u00edsica o jur\u00eddica registrada en la PLATAFORMA que al utilizarla ofrece sus servicios a LOS CLIENTES, de forma independiente y aut\u00f3noma.<\/p>\n<ol>\n<li><strong><b>QU\u00c9 ES EL MONTAJE<\/b><\/strong><\/li>\n<\/ol>\n<p>2.1. MONTAGE es una PLATAFORMA online que re\u00fane a CLIENTES que necesitan servicios de mantenimiento y reformas y PROFESIONALES que ofrecen sus servicios de forma independiente y aut\u00f3noma.<\/p>\n<p>2.2. MONTAGE no interfiere en las negociaciones entre USUARIOS, correspondi\u00e9ndoles acordar las condiciones del servicio, tales como tiempo, precio, calidad, plazo y otros puntos relevantes.<\/p>\n<ol>\n<li><strong><b> REGISTRO DE USUARIO<\/b><\/strong><\/li>\n<\/ol>\n<p>3.1. Al registrarse en la PLATAFORMA, el USUARIO, ya sea CLIENTE o PROFESIONAL, se compromete a observar las condiciones de uso descritas en este t\u00e9rmino, la legislaci\u00f3n vigente aplicable y el tratamiento de datos personales por parte de MONTAGE, regido por la Pol\u00edtica de Privacidad que forma parte del presente. T\u00e9rmino.<\/p>\n<p>3.2. El USUARIO no podr\u00e1 crear m\u00e1s de una cuenta en la PLATAFORMA, la cual est\u00e1 destinada exclusivamente a adultos. En caso de registros m\u00faltiples o uso por parte de ni\u00f1os o adolescentes, la cuenta ser\u00e1 eliminada, sin previo aviso, pudiendo MONTAGE no aceptar nuevos registros.<\/p>\n<p>3.3. Los USUARIOS son responsables de todas las actuaciones que realicen en la PLATAFORMA y deber\u00e1n proteger sus datos de acceso. MONTAGE no se hace responsable de los da\u00f1os causados \u200b\u200bpor el incumplimiento de esta obligaci\u00f3n.<\/p>\n<p>3.4. Los USUARIOS son responsables de mantener actualizada y veraz su informaci\u00f3n de registro, especialmente la informaci\u00f3n de pago, debiendo informar a MONTAGE de cualquier cambio. MONTAGE no se hace responsable de ning\u00fan problema resultante de informaci\u00f3n incorrecta proporcionada por los USUARIOS.<\/p>\n<p>3.5. MONTAGE podr\u00e1 solicitar informaci\u00f3n y documentos adicionales, tales como Certificado de Antecedentes Penales, y utilizar todos los medios v\u00e1lidos para verificar la identidad de sus usuarios y la veracidad de la informaci\u00f3n proporcionada.<\/p>\n<p>3.6. Si el registro de un USUARIO contiene datos incorrectos o falsos, MONTAGE podr\u00e1 suspender o excluir definitivamente al USUARIO, sin previo aviso ni compensaci\u00f3n.<\/p>\n<p>3.7. El USUARIO deber\u00e1 informar inmediatamente a MONTAGE de cualquier irregularidad cometida por otros USUARIOS que pudiera causar da\u00f1os a USUARIOS, a MONTAGE o a terceros. Si MONTAGE tiene conocimiento de que alg\u00fan USUARIO est\u00e1 infringiendo la ley, su cuenta ser\u00e1 eliminada inmediatamente, sin previo aviso, pudiendo MONTAGE rechazar un nuevo registro.<\/p>\n<p>3.8. MONTAGE se reserva el derecho de, unilateralmente, sin previo aviso, consentimiento o compensaci\u00f3n, rechazar cualquier solicitud de registro de un USUARIO en la PLATAFORMA, cuando tenga razones justificadas para creer que el USUARIO puede estar violando la ley, o incluso, cuando pueda lugar en el que se encuentren en riesgo bienes y derechos de MONTAGE y de sus dem\u00e1s USUARIOS.<\/p>\n<p>3.9. En ning\u00fan caso se permitir\u00e1 la cesi\u00f3n, venta, alquiler u otra forma de transferencia de la cuenta del USUARIO.<\/p>\n<ol>\n<li><strong><b>INSCRIPCI\u00d3N PROFESIONAL:<\/b><\/strong><\/li>\n<\/ol>\n<p>4.1. DOCUMENTACI\u00d3N<\/p>\n<p>4.1.1. Adem\u00e1s de las normas aplicables a todo USUARIO, el PROFESIONAL deber\u00e1 aportar documentos (\u201cDocumentaci\u00f3n\u201d) que acrediten su identidad y, dependiendo de las FUNCIONALIDADES deseadas, su cualificaci\u00f3n t\u00e9cnica y profesional.<\/p>\n<p>4.1.2. Siempre que MONTAGE lo considere necesario podr\u00e1 solicitar informaci\u00f3n o documentos adicionales relacionados con la categor\u00eda de servicio prestado por el PROFESIONAL, como certificaci\u00f3ndatos o documentos personales y fiscales, bajo pena de suspender el acceso del PROFESIONAL a la PLATAFORMA hasta su env\u00edo.<\/p>\n<p>4.1.3. MONTAGE podr\u00e1 realizar comprobaciones y consultas peri\u00f3dicas de la Documentaci\u00f3n del PROFESIONAL durante el periodo en el que est\u00e9 registrado en la PLATAFORMA y, si el PROFESIONAL no cumple con los criterios de MONTAGE, podr\u00e1 revocarle el acceso a la PLATAFORMA.<\/p>\n<ol>\n<li><strong><b> SOLICITUD DE COTIZACIONES<\/b><\/strong><\/li>\n<\/ol>\n<p>5.1. La PLATAFORMA ofrece a los CLIENTES la posibilidad de solicitar cotizaciones de servicios y a los PROFESIONALES la posibilidad de ofrecer sus servicios a los CLIENTES.<\/p>\n<p>5.2. El PROFESIONAL podr\u00e1 elegir entre dos m\u00e9todos (\u201cCARACTER\u00cdSTICAS\u201d) disponibles en la PLATAFORMA para contactar con el CLIENTE: adquirir previamente los datos de contacto del CLIENTE para facilitarle informaci\u00f3n sobre los servicios directamente (\u201cSERVICIO PREPAGO\u201d) o utilizar el chat &#8211; chat (\u201cCHAT \u201d) de la PLATAFORMA para intermediar el contacto (\u201cSERVICIOS POSPAGO\u201d). Para ello, el CLIENTE registrado deber\u00e1 especificar la obra en la que est\u00e1 interesado, comprometi\u00e9ndose a la veracidad de esta informaci\u00f3n.<\/p>\n<p>5.3. Al solicitar una cotizaci\u00f3n, el CLIENTE entiende y acepta que sus datos de contacto y el contenido de su solicitud ser\u00e1n compartidos con un n\u00famero limitado de PROFESIONALES registrados, para que puedan ponerse en contacto y cotizar el servicio solicitado.<\/p>\n<p>5.4. Si existiera discrepancia entre el pedido presupuestado y el servicio a prestar, incluyendo disponibilidad de fechas y direcci\u00f3n en la que se realizar\u00e1 el servicio, el PROFESIONAL podr\u00e1 aumentar o disminuir el monto del presupuesto, siendo consciente el CLIENTE de esta posibilidad.<\/p>\n<p>5.5. El CLIENTE no est\u00e1 obligado a aceptar ninguna cotizaci\u00f3n proporcionada por PROFESIONALES registrados en la PLATAFORMA<\/p>\n<p>5.6. El PROFESIONAL podr\u00e1 negarse a prestar el servicio si considera que el monto solicitado podr\u00eda causar da\u00f1os a terceros, a sus bienes o violar normas y reglamentos.<\/p>\n<ol>\n<li><strong><b> CARACTER\u00cdSTICAS<\/b><\/strong><\/li>\n<\/ol>\n<p><strong><b>6.1 SERVICIOS POSPAGO<\/b><\/strong><\/p>\n<p>6.1.1. LA PLATAFORMA ofrece a los PROFESIONALES la posibilidad de enviar cotizaciones a los USUARIOS de forma gratuita a trav\u00e9s del chat (\u201cCHAT\u201d) disponible en la PLATAFORMA. En esta modalidad toda interacci\u00f3n y negociaci\u00f3n sobre condiciones, valores y plazos deber\u00e1 realizarse a trav\u00e9s de la PLATAFORMA, permiti\u00e9ndose el intercambio de mensajes y el env\u00edo de im\u00e1genes entre USUARIOS exclusivamente en relaci\u00f3n con la negociaci\u00f3n de la prestaci\u00f3n de servicios, adem\u00e1s , el CLIENTE deber\u00e1 realizar el pago de los servicios solicitados exclusivamente a trav\u00e9s de los m\u00e9todos de pago disponibles en la PLATAFORMA.<\/p>\n<p>6.1.2. Los PROFESIONALES tienen expresamente prohibido redirigir el contacto desde los SERVICIOS POSPAGO de la plataforma a otras formas de comunicaci\u00f3n o pagos ajenos a la PLATAFORMA. En caso de violaci\u00f3n de esta norma, MONTAGE tiene derecho a suspender inmediatamente el acceso del PROFESIONAL a la PLATAFORMA.<\/p>\n<p>6.1.3. Para garantizar su seguridad y mediar controversias en la negociaci\u00f3n o ejecuci\u00f3n de los servicios contratados, MONTAGE podr\u00e1 examinar las comunicaciones que ocurran en la PLATAFORMA, cuando la contrataci\u00f3n se realice en modalidad pospago.<\/p>\n<p>6.1.4. LA PLATAFORMA ofrece varios recursos para gestionar los cargos, entre ellos: (i) la provisi\u00f3n de medios y m\u00e9todos de pago, con condiciones de cuotas, cuando corresponda; (ii) captura de transacciones; (iii) presentaci\u00f3n de transacciones para la aprobaci\u00f3n de los emisores; (iv) gesti\u00f3n de la liquidaci\u00f3n financiera de las operaciones aprobadas por los emisores; (v) validaci\u00f3n de tarjetas de cr\u00e9dito registradas; (vi) autorizaci\u00f3n de dep\u00f3sito de valor y (vii) control de transacciones.<\/p>\n<p>6.1.5 El valor que ve el CLIENTE es la tarifa del PROFESIONAL (Por hora) + 15% servicio de PLATAFORMA adem\u00e1s del valor del PROFESIONAL. Por ejemplo, si el servicio dura dos horas y el PROFESIONAL cobra $50,00\/hora, el CLIENTE ver\u00e1 R$115. (R$ 50,00 x 2 horas) = \u200b\u200bR$ 100,00 + 15% = R$ 115,00<\/p>\n<p><strong><b>6.2 PLANES PROFESIONALES<\/b><\/strong><\/p>\n<p>6.2.1. La PLATAFORMA ofrece a los PROFESIONALES la posibilidad de contratar paquetes de beneficios que permiten, dependiendo del plan elegido, tener un descuento en la tarifa del servicio POST-PAGO, tener prioridad en la recepci\u00f3n de solicitudes de cotizaci\u00f3n, aumentar las posibilidades de los PROFESIONALES de encontrar clientes y cerrar negocios. . La informaci\u00f3n sobre cada uno de los planes y beneficios est\u00e1 disponible en el Men\u00fa de Planes en el \u00e1rea de inicio de sesi\u00f3n de la aplicaci\u00f3n.<\/p>\n<p>6.2.2. Al optar por contratar algunas de las funcionalidades disponibles en la PLATAFORMA, el PROFESIONAL se compromete a utilizar los servicios de conformidad con la legislaci\u00f3n vigente, los T\u00e9rminos de Uso, la Pol\u00edtica de Privacidad, las condiciones particulares para la ejecuci\u00f3n de los servicios de la PLATAFORMA, adem\u00e1s de seguir advertencias, instrucciones y respetar la moral, las buenas costumbres y el orden p\u00fablico.<\/p>\n<p>6.2.3 El ajuste de las cantidades a pagar por los PROFESIONALES por el uso de funcionalidades Los datos de PLATAFORMA no est\u00e1n relacionados con \u00edndices de correcci\u00f3n monetaria, por lo que MONTAGE podr\u00e1 definir el ajuste utilizando otros criterios, previa comunicaci\u00f3n a los usuarios.<\/p>\n<ol>\n<li><strong><b> EVALUACI\u00d3N DEL SERVICIO<\/b><\/strong><\/li>\n<\/ol>\n<p>7.1. LOS CLIENTES pueden evaluar PROFESIONALES a trav\u00e9s de la PLATAFORMA. Estas valoraciones son p\u00fablicas y pueden ser consultadas por otros USUARIOS y publicadas por MONTAGE en campa\u00f1as publicitarias y en sus redes sociales.<\/p>\n<p>7.2. Los USUARIOS son totalmente responsables del contenido de las evaluaciones, y MONTAGE no es responsable de ninguna verificaci\u00f3n o validaci\u00f3n. Sin embargo, MONTAGE podr\u00e1 editar, sintetizar, resumir o abreviar el contenido de las evaluaciones con el fin de promover una mejor presentaci\u00f3n y distribuci\u00f3n de la PLATAFORMA y adaptar el contenido al estilo y est\u00e1ndar m\u00ednimo de calidad.<\/p>\n<p>7.3. MONTAGE se reserva el derecho, a su entera discreci\u00f3n, de excluir rese\u00f1as discriminatorias, difamatorias, acusatorias, ofensivas, calumniosas, que no est\u00e9n relacionadas con los servicios prestados o que no tengan valor cualitativo, dentro de los l\u00edmites de la legislaci\u00f3n vigente, adem\u00e1s , podr\u00e1 suspender o excluir definitivamente al USUARIO responsable, sin que ello genere ning\u00fan tipo de compensaci\u00f3n para el USUARIO.<\/p>\n<ol>\n<li><strong><b> OBLIGACIONES DEL USUARIO:<\/b><\/strong><\/li>\n<\/ol>\n<p>8.1. Los USUARIOS son responsables de todas las acciones que realicen y de la informaci\u00f3n que pongan a disposici\u00f3n en la PLATAFORMA. Esto incluye, entre otros, la veracidad y actualizaci\u00f3n de la informaci\u00f3n proporcionada, los contenidos que publican y las conversaciones mantenidas en el chat de la PLATAFORMA (\u201cCHAT\u201d).<\/p>\n<p>8.2. Los USUARIOS son responsables de cualquier da\u00f1o o perjuicio causado a MONTAGE o a terceros. Si la informaci\u00f3n proporcionada es falsa o inexacta, la responsabilidad civil recae exclusivamente en el USUARIO. MONTAGE se reserva el derecho de exigir una indemnizaci\u00f3n judicial o extrajudicial contra el USUARIO, si \u00e9ste sufriera alg\u00fan da\u00f1o como consecuencia de ello.<\/p>\n<ol>\n<li><strong><b> OBLIGACIONES DEL CLIENTE:<\/b><\/strong><\/li>\n<\/ol>\n<p>9.1. LOS CLIENTES son conscientes de que los servicios negociados a trav\u00e9s del chat de la PLATAFORMA (\u201cCHAT\u201d) deben pagarse exclusivamente utilizando los m\u00e9todos de pago disponibles en la PLATAFORMA. En estos casos, el CLIENTE dispone de un plazo de 24 (veinticuatro) horas desde el momento en que se emite la orden de recogida para notificar a MONTAGE cualquier problema. Cuando se comunique con nosotros, el equipo de soporte de MONTAGE puede suspender temporalmente la facturaci\u00f3n autom\u00e1tica hasta que se resuelva el problema. Si el CLIENTE no se pone en contacto con MONTAGE, el pago quedar\u00e1 autom\u00e1ticamente autorizado.<\/p>\n<p>9.2. LOS CLIENTES son conscientes de que los servicios contratados a trav\u00e9s de otros medios de comunicaci\u00f3n, sin intermediaci\u00f3n alguna de la PLATAFORMA, deber\u00e1n pagarse a trav\u00e9s de los m\u00e9todos de pago proporcionados por los PROFESIONALES.<\/p>\n<p>9.3. Ser\u00e1 responsabilidad exclusiva del CLIENTE exigir la factura de los servicios al PROFESIONAL.<\/p>\n<p>9.4. El CLIENTE es responsable de proporcionar todos los materiales y suministros necesarios para que el PROFESIONAL preste los servicios contratados, de acuerdo con las negociaciones entre ellos y el plazo de ejecuci\u00f3n de los servicios acordado entre el CLIENTE y el PROFESIONAL.<\/p>\n<p>9.5. Es deber del CLIENTE estar presente personalmente o designar una persona responsable, mayor de 18 (dieciocho) a\u00f1os y plenamente capaz, para vigilar la ejecuci\u00f3n del servicio por parte del PROFESIONAL, ya que la vigilancia y supervisi\u00f3n de los servicios son de su exclusiva responsabilidad.<\/p>\n<p>9.6. Cualquier incumplimiento de las obligaciones descritas en estos T\u00e9rminos dar\u00e1 lugar a la suspensi\u00f3n o exclusi\u00f3n del CLIENTE de la PLATAFORMA seg\u00fan la gravedad de los hechos que ser\u00e1 determinada por MONTAGE, sin previo aviso. La exclusi\u00f3n del CLIENTE no afecta a ning\u00fan otro derecho o medida legal que MONTAGE pueda adoptar para reparar cualquier da\u00f1o o p\u00e9rdida causada por el CLIENTE.<\/p>\n<ol>\n<li><strong><b> OBLIGACIONES DE LOS PROFESIONALES:<\/b><\/strong><\/li>\n<\/ol>\n<p>10.1. LOS PROFESIONALES DECLARAN QUE SON AUT\u00d3NOMOS, INDEPENDIENTES Y NO MANTIENEN NING\u00daN TIPO DE V\u00cdNCULO CON EL MONTAJE, COMPROMETIENDO A PRESTAR SUS SERVICIOS DE FORMA PROFESIONAL, DILIGENTE, \u00c9TICA Y OBSERVANDO TODAS LAS DISPOSICIONES DE LOS PRESENTES T\u00c9RMINOS.<\/p>\n<p>10.2. El PROFESIONAL es responsable de la autenticidad de la documentaci\u00f3n presentada, so pena de, si es inexacta, falsa o adulterada, sufrir las medidas civiles, administrativas y penales que correspondan, adem\u00e1s de estar obligado a indemnizar a todos los perjudicados por su mala utilizaci\u00f3n.<\/p>\n<p>10.3. El apellido que el PROFESIONAL utilice en la PLATAFORMA no podr\u00e1 ser similar al nombre MONTAGE, ni insinuar o sugerir que los servicios ser\u00e1n prestados por MONTAGE.<\/p>\n<p>10.4. MONTAGE ofrece herramientas para que los USUARIOS puedan enviar informaci\u00f3n, enlaces y fotograf\u00edas para describir el pedido. No obstante, es responsabilidad del PROFESIONAL valorar si prestar\u00e1 el servicio solicitado, sin que MONTAGE sea responsable de la verificaci\u00f3n detallada del mismo.<\/p>\n<p>[\/vc_column_text][\/vc_column_inner][\/vc_row_inner][\/vc_column][\/vc_row][vc_row][vc_column][vc_single_image image=\u00bb8719&#8243; img_size=\u00bbfull\u00bb el_class=\u00bbdot-img\u00bb css=\u00bb.vc_custom_1628772638590{margin-top: -50% !important;margin-left: -10% !important;}\u00bb][\/vc_column][\/vc_row][vc_row][vc_column][vc_single_image image=\u00bb8779&#8243; img_size=\u00bbfull\u00bb alignment=\u00bbright\u00bb el_class=\u00bbdot-img\u00bb css=\u00bb.vc_custom_1628772647293{margin-top: -10% !important;margin-right: -10% !important;margin-bottom: -10% !important;}\u00bb][\/vc_column][\/vc_row]<\/p>\n<\/div>","protected":false},"excerpt":{"rendered":"<p>[vc_row][vc_column][vc_empty_space height=\u00bb100px\u00bb el_class=\u00bbhide-mob\u00bb][vc_empty_space height=\u00bb50px\u00bb][\/vc_column][\/vc_row][vc_row css=\u00bb.vc_custom_1627556051522{background-color: #edfafe !important;border-radius: 35px !important;}\u00bb _et_uniqid=\u00bbet_custom_uniqid_new_610288bc10fad\u00bb][vc_column css=\u00bb.vc_custom_1627557130169{margin-bottom: 30px !important;}\u00bb _et_uniqid=\u00bbet_custom_uniqid_new_61028d012a27f\u00bb][vc_column_text] Terminos de uso [\/vc_column_text][vc_row_inner el_class=\u00bbscroll-block\u00bb _et_uniqid=\u00bbet_custom_uniqid_new_61028974a92fe\u00bb][vc_column_inner][vc_column_text]MONTAGE (\u201cMontage\u201d, \u201cMontage Pro\u201d, \u201cMontage App\u201d), una sociedad de responsabilidad limitada, es una persona jur\u00eddica de derecho privado que presta servicios de publicidad en l\u00ednea, realizados&#8230;<\/p>\n","protected":false},"author":1,"featured_media":0,"parent":0,"menu_order":0,"comment_status":"closed","ping_status":"closed","template":"","meta":{"footnotes":""},"class_list":["post-8749","page","type-page","status-publish","hentry"],"_links":{"self":[{"href":"https:\/\/montageapp.com.br\/es\/wp-json\/wp\/v2\/pages\/8749","targetHints":{"allow":["GET"]}}],"collection":[{"href":"https:\/\/montageapp.com.br\/es\/wp-json\/wp\/v2\/pages"}],"about":[{"href":"https:\/\/montageapp.com.br\/es\/wp-json\/wp\/v2\/types\/page"}],"author":[{"embeddable":true,"href":"https:\/\/montageapp.com.br\/es\/wp-json\/wp\/v2\/users\/1"}],"replies":[{"embeddable":true,"href":"https:\/\/montageapp.com.br\/es\/wp-json\/wp\/v2\/comments?post=8749"}],"version-history":[{"count":6,"href":"https:\/\/montageapp.com.br\/es\/wp-json\/wp\/v2\/pages\/8749\/revisions"}],"predecessor-version":[{"id":8808,"href":"https:\/\/montageapp.com.br\/es\/wp-json\/wp\/v2\/pages\/8749\/revisions\/8808"}],"wp:attachment":[{"href":"https:\/\/montageapp.com.br\/es\/wp-json\/wp\/v2\/media?parent=8749"}],"curies":[{"name":"wp","href":"https:\/\/api.w.org\/{rel}","templated":true}]}}