{"id":8694,"date":"2023-11-29T12:04:04","date_gmt":"2023-11-29T12:04:04","guid":{"rendered":"https:\/\/montageapp.com.br\/politica-de-privacidad\/"},"modified":"2023-12-02T07:38:42","modified_gmt":"2023-12-02T07:38:42","slug":"politica-de-privacidad","status":"publish","type":"page","link":"https:\/\/montageapp.com.br\/es\/politica-de-privacidad\/","title":{"rendered":"Pol\u00edtica de privacidad"},"content":{"rendered":"<div class=\"wpb-content-wrapper\"><p>[vc_row][vc_column][vc_empty_space height=\u00bb100px\u00bb el_class=\u00bbhide-mob\u00bb][vc_empty_space height=\u00bb50px\u00bb][\/vc_column][\/vc_row][vc_row css=\u00bb.vc_custom_1627556051522{background-color: #edfafe !important;border-radius: 35px !important;}\u00bb _et_uniqid=\u00bbet_custom_uniqid_new_610288bc10fad\u00bb][vc_column css=\u00bb.vc_custom_1627557130169{margin-bottom: 30px !important;}\u00bb _et_uniqid=\u00bbet_custom_uniqid_new_61028d012a27f\u00bb][vc_column_text]<\/p>\n<h1 class=\"sec_title\" style=\"text-align: center;\">Pol\u00edticas de Privacidade<\/h1>\n<p>[\/vc_column_text][vc_row_inner el_class=\u00bbscroll-block\u00bb _et_uniqid=\u00bbet_custom_uniqid_new_61028974a92fe\u00bb][vc_column_inner][vc_column_text]PRIVACIDAD DE LA INFORMACI\u00d3N<\/p>\n<p>&nbsp;<\/p>\n<p>MONTAGE (\u201cMontage\u201d, \u201cMontage Pro\u201d, \u201cMontage App\u201d), una sociedad de responsabilidad limitada, es una persona jur\u00eddica de derecho privado que presta servicios de publicidad en l\u00ednea, realizados entre Clientes prometedores (\u201cCliente\u201d) y Profesionales prometedores (\u201c Profesionales\u201d).\u201d), a trav\u00e9s de la aplicaci\u00f3n Montage y el sitio web (\u201cPlataforma\u201d).<\/p>\n<p>A trav\u00e9s de esta Pol\u00edtica de Privacidad (\u201cPol\u00edtica de Privacidad\u201d), Montage aclara a los usuarios en general, Clientes y Profesionales (todos denominados colectivamente \u201cUsuarios\u201d) sus pr\u00e1cticas con respecto a la privacidad de la informaci\u00f3n proporcionada por los Usuarios, adem\u00e1s de demostrar nuestro compromiso. para salvaguardar su privacidad y proteger sus datos personales.<\/p>\n<p>&nbsp;<\/p>\n<p>Toda la informaci\u00f3n o datos personales proporcionados por el Usuario de Montage se almacena en servidores o soportes magn\u00e9ticos de alta seguridad.<\/p>\n<p>Montage tomar\u00e1 todas las medidas posibles para mantener la confidencialidad y seguridad descritas en esta cl\u00e1usula, pero no ser\u00e1 responsable de cualquier p\u00e9rdida que pueda derivarse de la violaci\u00f3n de estas medidas por parte de terceros que utilicen medios inadecuados, fraudulentos o ilegales para acceder a la informaci\u00f3n almacenada. en los servidores o bases de datos utilizados por Montage.<\/p>\n<p>III. Montage recopila los siguientes datos e informaci\u00f3n personal de sus Usuarios:<\/p>\n<p>&nbsp;<\/p>\n<p>(i) Nombre completo;<\/p>\n<p>(ii) N\u00famero de tel\u00e9fono celular;<\/p>\n<p>(iii) correo electr\u00f3nico;<\/p>\n<p>(iv) c\u00f3digo postal;<\/p>\n<p>(v) Geolocalizaci\u00f3n basada en direcci\u00f3n IP;<\/p>\n<p>(vi) direcci\u00f3n IP (Protocolo de Internet);<\/p>\n<p>(vii) CPF;<br \/>\n(viii) Direcci\u00f3n;<\/p>\n<p>(ix) Certificado de Antecedentes Penales (Expedientes Profesionales);<\/p>\n<p>&nbsp;<\/p>\n<p>Esta informaci\u00f3n se recopila cuando el Usuario la ingresa en la plataforma y Montage la almacena y procesa para los siguientes fines:<\/p>\n<p>(i) Mantenimiento del registro necesario para prestar servicios de publicidad en l\u00ednea;<\/p>\n<p>&nbsp;<\/p>\n<p>(ii) Identificaci\u00f3n del Usuario en la Plataforma y Aplicaci\u00f3n;<\/p>\n<p>&nbsp;<\/p>\n<p>(iii) Permitir al Usuario utilizar la Plataforma y la Aplicaci\u00f3n;<\/p>\n<p>&nbsp;<\/p>\n<p>(iv) Ubicaci\u00f3n de los Profesionales cercanos al Usuario;<\/p>\n<p>&nbsp;<\/p>\n<p>(v) Prevenci\u00f3n de fraude e implementaci\u00f3n de medidas de seguridad de plataformas y aplicaciones;<\/p>\n<p>&nbsp;<\/p>\n<p>(vi) Comunicaci\u00f3n sobre puntos que puedan ser de inter\u00e9s para el Usuario y que est\u00e9n relacionados con los servicios publicitarios de Montage;<\/p>\n<p>&nbsp;<\/p>\n<p>(vii) Prestaci\u00f3n de servicios de soporte y atenci\u00f3n solicitados por el Usuario;<\/p>\n<p>&nbsp;<\/p>\n<p>(viii) Realizar investigaciones sobre el uso e interacci\u00f3n de la Plataforma y la Aplicaci\u00f3n para mejorar los servicios publicitarios ofrecidos por Montage;<\/p>\n<p>(ix) Generaci\u00f3n de informes estad\u00edsticos sobre el uso e interacci\u00f3n de los Usuarios;<\/p>\n<p>&nbsp;<\/p>\n<p>(x) Promoci\u00f3n por parte de Montage para informar al Usuario sobre novedades, funcionalidades, contenidos, novedades y otros eventos relevantes para el mantenimiento de esta relaci\u00f3n. Dichas comunicaciones se realizan a trav\u00e9s de herramientas de env\u00edo autom\u00e1tico de mensajes creadas a partir de procesos personalizados en base al historial del Usuario;<\/p>\n<p>&nbsp;<\/p>\n<p>(xi) Cumplir con las obligaciones legales y reglamentarias a las que est\u00e1 sujeto Montage;<\/p>\n<p>&nbsp;<\/p>\n<p>(xii) Proteger a Montage de sus derechos y obligaciones relacionados con la Plataforma y la Aplicaci\u00f3n, de acuerdo con las disposiciones de la legislaci\u00f3n brasile\u00f1a; Es<\/p>\n<p>&nbsp;<\/p>\n<p>(xiii) Colaborar y\/o cumplir una orden judicial o solicitud de una autoridad administrativa.<\/p>\n<p>&nbsp;<\/p>\n<p>Durante la navegaci\u00f3n del Usuario en la plataforma y aplicaci\u00f3n, Montage tambi\u00e9n recopila la siguiente informaci\u00f3n y datos de los Usuarios:<\/p>\n<p>(i) Acceso y acciones realizadas por el Usuario en la Plataforma y Aplicaci\u00f3n;<\/p>\n<p>&nbsp;<\/p>\n<p>(ii) P\u00e1ginas y pantallas a las que accede el Usuario en la Plataforma y Aplicaci\u00f3n;<\/p>\n<p>&nbsp;<\/p>\n<p>(iii) Fechas y horas de cada acci\u00f3n del Usuario en la Plataforma y la Aplicaci\u00f3n;<\/p>\n<p>&nbsp;<\/p>\n<p>(iv) Informaci\u00f3n sobre el dispositivo y navegador utilizado por el Usuario; Es<\/p>\n<p>&nbsp;<\/p>\n<p>(v) Sesi\u00f3n e ID de usuario, cuando est\u00e9n disponibles.<\/p>\n<p>&nbsp;<\/p>\n<p>Los datos y la informaci\u00f3n descritos en este art\u00edculo se recogen a trav\u00e9s de cookies. Son ficheros que recopilan informaci\u00f3n del Usuario a partir de su acceso a la plataforma.<\/p>\n<p>&nbsp;<\/p>\n<p>Los datos personales de los Usuarios y la informaci\u00f3n recopilada pueden compartirse con los socios de Montage cuando sea necesario para los mismos fines descritos anteriormente.<\/p>\n<p>viii. Montage no tiene acceso al contenido de las llamadas o comunicaciones entre Usuarios.<\/p>\n<p>&nbsp;<\/p>\n<p>viii. Montage, por motivos legales, mantendr\u00e1 en su base de datos toda la informaci\u00f3n recopilada de los Usuarios que eliminen sus registros que as\u00ed lo exige la ley, como por ejemplo los elementos relativos a facturas.<\/p>\n<p>&nbsp;<\/p>\n<p>El apodo y la contrase\u00f1a de cada Usuario sirven para garantizar su privacidad y seguridad. Montage recomienda a sus Usuarios no compartir esta informaci\u00f3n con nadie. Montage no es responsable de ning\u00fan da\u00f1o o p\u00e9rdida causada al Usuario al compartir esta informaci\u00f3n.<\/p>\n<p>Toda la informaci\u00f3n facilitada por los Usuarios a Montage est\u00e1 protegida por empresas especializadas.<\/p>\n<p>Montage recopila y almacena toda la informaci\u00f3n proporcionada por sus usuarios durante el uso de su plataforma, incluso en el momento del registro, para uso personal.[\/vc_column_text][\/vc_column_inner][\/vc_row_inner][\/vc_column][\/vc_row][vc_row][vc_column][vc_single_image image=\u00bb8719&#8243; img_size=\u00bbfull\u00bb el_class=\u00bbdot-img\u00bb css=\u00bb.vc_custom_1628772689174{margin-top: -50% !important;margin-left: -10% !important;}\u00bb][\/vc_column][\/vc_row][vc_row][vc_column][vc_single_image image=\u00bb8779&#8243; img_size=\u00bbfull\u00bb alignment=\u00bbright\u00bb el_class=\u00bbdot-img\u00bb css=\u00bb.vc_custom_1628772697132{margin-top: -10% !important;margin-right: -10% !important;margin-bottom: -10% !important;}\u00bb][\/vc_column][\/vc_row]<\/p>\n<\/div>","protected":false},"excerpt":{"rendered":"<p>[vc_row][vc_column][vc_empty_space height=\u00bb100px\u00bb el_class=\u00bbhide-mob\u00bb][vc_empty_space height=\u00bb50px\u00bb][\/vc_column][\/vc_row][vc_row css=\u00bb.vc_custom_1627556051522{background-color: #edfafe !important;border-radius: 35px !important;}\u00bb _et_uniqid=\u00bbet_custom_uniqid_new_610288bc10fad\u00bb][vc_column css=\u00bb.vc_custom_1627557130169{margin-bottom: 30px !important;}\u00bb _et_uniqid=\u00bbet_custom_uniqid_new_61028d012a27f\u00bb][vc_column_text] Pol\u00edticas de Privacidade [\/vc_column_text][vc_row_inner el_class=\u00bbscroll-block\u00bb _et_uniqid=\u00bbet_custom_uniqid_new_61028974a92fe\u00bb][vc_column_inner][vc_column_text]PRIVACIDAD DE LA INFORMACI\u00d3N &nbsp; MONTAGE (\u201cMontage\u201d, \u201cMontage Pro\u201d, \u201cMontage App\u201d), una sociedad de responsabilidad limitada, es una persona jur\u00eddica de derecho privado que presta servicios&#8230;<\/p>\n","protected":false},"author":1,"featured_media":0,"parent":0,"menu_order":0,"comment_status":"closed","ping_status":"closed","template":"","meta":{"footnotes":""},"class_list":["post-8694","page","type-page","status-publish","hentry"],"_links":{"self":[{"href":"https:\/\/montageapp.com.br\/es\/wp-json\/wp\/v2\/pages\/8694","targetHints":{"allow":["GET"]}}],"collection":[{"href":"https:\/\/montageapp.com.br\/es\/wp-json\/wp\/v2\/pages"}],"about":[{"href":"https:\/\/montageapp.com.br\/es\/wp-json\/wp\/v2\/types\/page"}],"author":[{"embeddable":true,"href":"https:\/\/montageapp.com.br\/es\/wp-json\/wp\/v2\/users\/1"}],"replies":[{"embeddable":true,"href":"https:\/\/montageapp.com.br\/es\/wp-json\/wp\/v2\/comments?post=8694"}],"version-history":[{"count":9,"href":"https:\/\/montageapp.com.br\/es\/wp-json\/wp\/v2\/pages\/8694\/revisions"}],"predecessor-version":[{"id":8814,"href":"https:\/\/montageapp.com.br\/es\/wp-json\/wp\/v2\/pages\/8694\/revisions\/8814"}],"wp:attachment":[{"href":"https:\/\/montageapp.com.br\/es\/wp-json\/wp\/v2\/media?parent=8694"}],"curies":[{"name":"wp","href":"https:\/\/api.w.org\/{rel}","templated":true}]}}